{"id":165,"date":"2020-10-19T18:39:31","date_gmt":"2020-10-19T18:39:31","guid":{"rendered":"https:\/\/fritsmate.de\/?page_id=165"},"modified":"2024-07-14T12:55:42","modified_gmt":"2024-07-14T12:55:42","slug":"kontakt","status":"publish","type":"page","link":"http:\/\/fritsmate.de\/hu\/kontakt\/","title":{"rendered":"Kapcsolat"},"content":{"rendered":"[:de]<div class=\"boldgrid-section\">\n<div class=\"container\">\n<div class=\"row\">\n<div class=\"col-md-12 col-xs-12 col-sm-12\">\n<p class=\"\"><span style=\"color: #e2d9d2;\"><b><i>Kontaktieren Sie mich jetzt!<\/i><\/b><\/span><\/p>\n<p class=\"\"><em><strong><span style=\"font-size: 12pt; color: #e2d9d2;\"><span style=\"font-family: 'arial black', sans-serif;\"><span style=\"font-family: georgia, palatino, serif;\"><a href=\"tel: 491705287839\"><u>Tel.: +49 170 528 7839<\/u><\/a><\/span><a href=\"tel: 491705287839\"><u>\n<\/u><\/a><u><a href=\"mailto:info@fritsmate.de\">E-mail: info@fritsmate.de<\/a><\/u><\/span><\/span><\/strong><\/em><\/p>\n\n<div class=\"wpcf7 no-js\" id=\"wpcf7-f851-o1\" lang=\"hu-HU\" dir=\"ltr\">\n<div class=\"screen-reader-response\"><p role=\"status\" aria-live=\"polite\" aria-atomic=\"true\"><\/p> <ul><\/ul><\/div>\n<form action=\"\/hu\/wp-json\/wp\/v2\/pages\/165#wpcf7-f851-o1\" method=\"post\" class=\"wpcf7-form init\" aria-label=\"Kapcsolatfelv\u00e9teli \u0171rlap\" novalidate=\"novalidate\" data-status=\"init\" data-trp-original-action=\"\/hu\/wp-json\/wp\/v2\/pages\/165#wpcf7-f851-o1\">\n<div style=\"display: none;\">\n<input type=\"hidden\" name=\"_wpcf7\" value=\"851\" \/>\n<input type=\"hidden\" name=\"_wpcf7_version\" value=\"5.9.6\" \/>\n<input type=\"hidden\" name=\"_wpcf7_locale\" value=\"hu_HU\" \/>\n<input type=\"hidden\" name=\"_wpcf7_unit_tag\" value=\"wpcf7-f851-o1\" \/>\n<input type=\"hidden\" name=\"_wpcf7_container_post\" value=\"0\" \/>\n<input type=\"hidden\" name=\"_wpcf7_posted_data_hash\" value=\"\" \/>\n<\/div>\n[:de]<label> Name (*)\n    <span class=\"wpcf7-form-control-wrap\" data-name=\"your-name\"><input size=\"40\" maxlength=\"80\" class=\"wpcf7-form-control wpcf7-text wpcf7-validates-as-required\" aria-required=\"true\" aria-invalid=\"false\" value=\"\" type=\"text\" name=\"your-name\" \/><\/span> <\/label>\n\n<label> E-mail (*)\n    <span class=\"wpcf7-form-control-wrap\" data-name=\"your-email\"><input size=\"40\" maxlength=\"80\" class=\"wpcf7-form-control wpcf7-email wpcf7-validates-as-required wpcf7-text wpcf7-validates-as-email\" aria-required=\"true\" aria-invalid=\"false\" value=\"\" type=\"email\" name=\"your-email\" \/><\/span> <\/label>\n\n<label> Telefonnummer (*)\n    <span class=\"wpcf7-form-control-wrap\" data-name=\"your-subject\"><input size=\"40\" maxlength=\"80\" class=\"wpcf7-form-control wpcf7-text wpcf7-validates-as-required\" aria-required=\"true\" aria-invalid=\"false\" value=\"\" type=\"text\" name=\"your-subject\" \/><\/span> <\/label>\n\n<label> Nachricht\n    <span class=\"wpcf7-form-control-wrap\" data-name=\"your-message\"><textarea cols=\"40\" rows=\"10\" maxlength=\"400\" class=\"wpcf7-form-control wpcf7-textarea\" aria-invalid=\"false\" name=\"your-message\"><\/textarea><\/span> <\/label>\n<div id=\"cf7sr-6a09e4c0de4ca\" class=\"cf7sr-g-recaptcha\" data-theme=\"light\" data-type=\"image\" data-size=\"normal\" data-sitekey=\"6LfJVtsZAAAAABtDz1l9BoKSDoaxrHSLyWvlCWAi\"><\/div><span class=\"wpcf7-form-control-wrap cf7sr-recaptcha\" data-name=\"cf7sr-recaptcha\"><input type=\"hidden\" name=\"cf7sr-recaptcha\" value=\"\" class=\"wpcf7-form-control\"><\/span>\n\n<input class=\"wpcf7-form-control wpcf7-submit has-spinner\" type=\"submit\" value=\"Senden\" \/>[:]<div class=\"wpcf7-response-output\" aria-hidden=\"true\"><\/div>\n<input type=\"hidden\" name=\"trp-form-language\" value=\"hu\"\/><\/form>\n<\/div>\n\n\n<span style=\"color: #e2d9d2;\"><!-- \/wp:paragraph --><\/span>\n<p class=\"\"><span style=\"color: #e2d9d2;\"><em><strong><span style=\"font-size: 14pt;\"><span style=\"font-family: 'comic sans ms', sans-serif;\">C\u00edm:<\/span> DE-93309 Kelheim, Ludwigstrasse 1<\/span><\/strong><\/em><\/span><\/p>\n<p class=\"\"><iframe style=\"border: 0;\" tabindex=\"0\" src=\"https:\/\/www.google.com\/maps\/embed?pb=!1m18!1m12!1m3!1d2621.833331124109!2d11.869385616024369!3d48.91856760442111!2m3!1f0!2f0!3f0!3m2!1i1024!2i768!4f13.1!3m3!1m2!1s0x479fba01086fa553%3A0xbc80f8126d9dd39c!2sLudwigstra%C3%9Fe%201%2C%2093309%20Kelheim!5e0!3m2!1shu!2sde!4v1603536145108!5m2!1shu!2sde\" width=\"800\" height=\"250\" frameborder=\"1\" allowfullscreen=\"allowfullscreen\" aria-hidden=\"false\"><\/iframe><\/p>\n\n<\/div>\n<\/div>\n<\/div>\n<\/div>[:hu]<div class=\"boldgrid-section\">\n<div class=\"container\">\n<div class=\"row\">\n<div class=\"col-md-12 col-xs-12 col-sm-12\">\n<p class=\"\" style=\"text-align: justify;\">Forduljon hozz\u00e1m bizalommal, amennyiben nehezen boldogul a n\u00e9metorsz\u00e1gi p\u00e9nz\u00fcgyek \u00e9s biztos\u00edt\u00e1sok vil\u00e1g\u00e1ban.<\/p>\n<p class=\"\" style=\"text-align: justify;\">K\u00e9rem t\u00f6ltse ki az \u0171rlapot \u00e9s \u00edrja meg, hogy miben tudn\u00e9k seg\u00edts\u00e9g\u00e9re lenni!<\/p>\n<p class=\"\"><em><strong><span style=\"font-size: 12pt; color: #e2d9d2;\"><span style=\"font-family: 'arial black', sans-serif;\"><span style=\"font-family: georgia, palatino, serif;\"><a href=\"tel: 491705287839\"><u>Tel.: +49 170 528 7839<\/u><\/a><\/span><a href=\"tel: 491705287839\"><u>\n<\/u><\/a><u><a href=\"mailto:info@fritsmate.de\">E-mail: info@fritsmate.de<\/a><\/u><\/span><\/span><\/strong><\/em><\/p>\n\n<div class=\"wpcf7 no-js\" id=\"wpcf7-f847-o2\" lang=\"hu-HU\" dir=\"ltr\">\n<div class=\"screen-reader-response\"><p role=\"status\" aria-live=\"polite\" aria-atomic=\"true\"><\/p> <ul><\/ul><\/div>\n<form action=\"\/hu\/wp-json\/wp\/v2\/pages\/165#wpcf7-f847-o2\" method=\"post\" class=\"wpcf7-form init\" aria-label=\"Kapcsolatfelv\u00e9teli \u0171rlap\" novalidate=\"novalidate\" data-status=\"init\" data-trp-original-action=\"\/hu\/wp-json\/wp\/v2\/pages\/165#wpcf7-f847-o2\">\n<div style=\"display: none;\">\n<input type=\"hidden\" name=\"_wpcf7\" value=\"847\" \/>\n<input type=\"hidden\" name=\"_wpcf7_version\" value=\"5.9.6\" \/>\n<input type=\"hidden\" name=\"_wpcf7_locale\" value=\"hu_HU\" \/>\n<input type=\"hidden\" name=\"_wpcf7_unit_tag\" value=\"wpcf7-f847-o2\" \/>\n<input type=\"hidden\" name=\"_wpcf7_container_post\" value=\"0\" \/>\n<input type=\"hidden\" name=\"_wpcf7_posted_data_hash\" value=\"\" \/>\n<\/div>\n[:de]<label> N\u00e9v (*)\n    <span class=\"wpcf7-form-control-wrap\" data-name=\"your-name\"><input size=\"40\" maxlength=\"80\" class=\"wpcf7-form-control wpcf7-text wpcf7-validates-as-required\" aria-required=\"true\" aria-invalid=\"false\" value=\"\" type=\"text\" name=\"your-name\" \/><\/span> <\/label>\n\n<label> E-mail (*)\n    <span class=\"wpcf7-form-control-wrap\" data-name=\"your-email\"><input size=\"40\" maxlength=\"80\" class=\"wpcf7-form-control wpcf7-email wpcf7-validates-as-required wpcf7-text wpcf7-validates-as-email\" aria-required=\"true\" aria-invalid=\"false\" value=\"\" type=\"email\" name=\"your-email\" \/><\/span> <\/label>\n\n<label> Telefonsz\u00e1m (*)\n    <span class=\"wpcf7-form-control-wrap\" data-name=\"your-subject\"><input size=\"40\" maxlength=\"80\" class=\"wpcf7-form-control wpcf7-text wpcf7-validates-as-required\" aria-required=\"true\" aria-invalid=\"false\" value=\"\" type=\"text\" name=\"your-subject\" \/><\/span> <\/label>\n\n<label> \u00dczenet\n    <span class=\"wpcf7-form-control-wrap\" data-name=\"your-message\"><textarea cols=\"40\" rows=\"10\" maxlength=\"400\" class=\"wpcf7-form-control wpcf7-textarea\" aria-invalid=\"false\" name=\"your-message\"><\/textarea><\/span> <\/label>\n<div id=\"cf7sr-6a09e4c0de98d\" class=\"cf7sr-g-recaptcha\" data-theme=\"light\" data-type=\"image\" data-size=\"normal\" data-sitekey=\"6LfJVtsZAAAAABtDz1l9BoKSDoaxrHSLyWvlCWAi\"><\/div><span class=\"wpcf7-form-control-wrap cf7sr-recaptcha\" data-name=\"cf7sr-recaptcha\"><input type=\"hidden\" name=\"cf7sr-recaptcha\" value=\"\" class=\"wpcf7-form-control\"><\/span>\n\n<input class=\"wpcf7-form-control wpcf7-submit has-spinner\" type=\"submit\" value=\"K\u00fcld\u00e9s\" \/>[:hu]<label> N\u00e9v (*)\n    <span class=\"wpcf7-form-control-wrap\" data-name=\"your-name\"><input size=\"40\" maxlength=\"80\" class=\"wpcf7-form-control wpcf7-text wpcf7-validates-as-required\" aria-required=\"true\" aria-invalid=\"false\" value=\"\" type=\"text\" name=\"your-name\" \/><\/span> <\/label>\n\n<label> E-mail (*)\n    <span class=\"wpcf7-form-control-wrap\" data-name=\"your-email\"><input size=\"40\" maxlength=\"80\" class=\"wpcf7-form-control wpcf7-email wpcf7-validates-as-required wpcf7-text wpcf7-validates-as-email\" aria-required=\"true\" aria-invalid=\"false\" value=\"\" type=\"email\" name=\"your-email\" \/><\/span> <\/label>\n\n<label> Telefonsz\u00e1m (*)\n    <span class=\"wpcf7-form-control-wrap\" data-name=\"your-subject\"><input size=\"40\" maxlength=\"80\" class=\"wpcf7-form-control wpcf7-text wpcf7-validates-as-required\" aria-required=\"true\" aria-invalid=\"false\" value=\"\" type=\"text\" name=\"your-subject\" \/><\/span> <\/label>\n\n<label> \u00dczenet (*)\n    <span class=\"wpcf7-form-control-wrap\" data-name=\"your-message\"><textarea cols=\"40\" rows=\"10\" maxlength=\"400\" class=\"wpcf7-form-control wpcf7-textarea\" aria-invalid=\"false\" name=\"your-message\"><\/textarea><\/span> <\/label>\n<div id=\"cf7sr-6a09e4c0de997\" class=\"cf7sr-g-recaptcha\" data-theme=\"light\" data-type=\"image\" data-size=\"normal\" data-sitekey=\"6LfJVtsZAAAAABtDz1l9BoKSDoaxrHSLyWvlCWAi\"><\/div><span class=\"wpcf7-form-control-wrap cf7sr-recaptcha\" data-name=\"cf7sr-recaptcha\"><input type=\"hidden\" name=\"cf7sr-recaptcha\" value=\"\" class=\"wpcf7-form-control\"><\/span>\n\n<input class=\"wpcf7-form-control wpcf7-submit has-spinner\" type=\"submit\" value=\"K\u00fcld\u00e9s\" \/>[:]<div class=\"wpcf7-response-output\" aria-hidden=\"true\"><\/div>\n<input type=\"hidden\" name=\"trp-form-language\" value=\"hu\"\/><\/form>\n<\/div>\n\n<p class=\"\"><span style=\"font-size: 14pt; color: #e2d9d2; background-color: #3366ff;\"><span style=\"font-family: 'arial black', sans-serif;\"><em><strong><span style=\"font-family: georgia, palatino, serif;\">C\u00edm:<\/span> <span style=\"font-family: georgia, palatino, serif;\">DE-93309 Kelheim, Ludwigstrasse 1<\/span><\/strong><\/em><\/span><\/span><\/p>\n<p class=\"\"><iframe style=\"border: 0;\" tabindex=\"0\" src=\"https:\/\/www.google.com\/maps\/embed?pb=!1m18!1m12!1m3!1d2621.833331124109!2d11.869385616024369!3d48.91856760442111!2m3!1f0!2f0!3f0!3m2!1i1024!2i768!4f13.1!3m3!1m2!1s0x479fba01086fa553%3A0xbc80f8126d9dd39c!2sLudwigstra%C3%9Fe%201%2C%2093309%20Kelheim!5e0!3m2!1shu!2sde!4v1603536145108!5m2!1shu!2sde\" width=\"800\" height=\"250\" frameborder=\"1\" allowfullscreen=\"allowfullscreen\" aria-hidden=\"false\"><\/iframe><\/p>\n\n<\/div>\n<\/div>\n<\/div>\n<\/div>[:]\r\n<!-- wp:shortcode -->[booking resource_id=1]<!-- \/wp:shortcode -->\n    <div class=\"xs_social_share_widget xs_share_url after_content \t\tmain_content  wslu-style-1 wslu-share-box-shaped wslu-fill-colored wslu-none wslu-share-horizontal wslu-theme-font-no wslu-main_content\">\n\n\t\t\n        <ul>\n\t\t\t        <\/ul>\n    <\/div>","protected":false},"excerpt":{"rendered":"<p>[:de] Kontaktieren Sie mich jetzt! Tel.: +49 170 528 7839 E-mail: info@fritsmate.de Adresse: DE-93309 Kelheim, Ludwigstrasse 1 [:hu] Forduljon hozz\u00e1m bizalommal, amennyiben nehezen boldogul a n\u00e9metorsz\u00e1gi p\u00e9nz\u00fcgyek \u00e9s biztos\u00edt\u00e1sok vil\u00e1g\u00e1ban. K\u00e9rem t\u00f6ltse ki az \u0171rlapot \u00e9s \u00edrja meg, hogy miben tudn\u00e9k seg\u00edts\u00e9g\u00e9re lenni! Tel.: +49 170 528 7839 E-mail: info@fritsmate.de<\/p>","protected":false},"author":3,"featured_media":0,"parent":0,"menu_order":0,"comment_status":"closed","ping_status":"closed","template":"","meta":{"_acf_changed":false,"inline_featured_image":false,"footnotes":""},"acf":[],"_links":{"self":[{"href":"http:\/\/fritsmate.de\/hu\/wp-json\/wp\/v2\/pages\/165"}],"collection":[{"href":"http:\/\/fritsmate.de\/hu\/wp-json\/wp\/v2\/pages"}],"about":[{"href":"http:\/\/fritsmate.de\/hu\/wp-json\/wp\/v2\/types\/page"}],"author":[{"embeddable":true,"href":"http:\/\/fritsmate.de\/hu\/wp-json\/wp\/v2\/users\/3"}],"replies":[{"embeddable":true,"href":"http:\/\/fritsmate.de\/hu\/wp-json\/wp\/v2\/comments?post=165"}],"version-history":[{"count":98,"href":"http:\/\/fritsmate.de\/hu\/wp-json\/wp\/v2\/pages\/165\/revisions"}],"predecessor-version":[{"id":4953,"href":"http:\/\/fritsmate.de\/hu\/wp-json\/wp\/v2\/pages\/165\/revisions\/4953"}],"wp:attachment":[{"href":"http:\/\/fritsmate.de\/hu\/wp-json\/wp\/v2\/media?parent=165"}],"curies":[{"name":"wp","href":"https:\/\/api.w.org\/{rel}","templated":true}]}}