{"id":3736,"date":"2023-07-31T13:19:48","date_gmt":"2023-07-31T13:19:48","guid":{"rendered":"https:\/\/tplabs.co\/surince\/?page_id=3736"},"modified":"2024-10-12T12:59:20","modified_gmt":"2024-10-12T10:59:20","slug":"about-us","status":"publish","type":"page","link":"http:\/\/fritsmate.de\/hu\/about-us\/","title":{"rendered":"R\u00f3lam"},"content":{"rendered":"<div data-elementor-type=\"wp-page\" data-elementor-id=\"3736\" class=\"elementor elementor-3736\">\n\t\t\t\t\t\t<section class=\"elementor-section elementor-top-section elementor-element elementor-element-f7e3bf0 elementor-section-full_width elementor-section-height-default elementor-section-height-default\" data-id=\"f7e3bf0\" data-element_type=\"section\">\n\t\t\t\t\t\t<div class=\"elementor-container elementor-column-gap-no\">\n\t\t\t\t\t<div class=\"elementor-column elementor-col-100 elementor-top-column elementor-element elementor-element-b4f1280\" data-id=\"b4f1280\" data-element_type=\"column\">\n\t\t\t<div class=\"elementor-widget-wrap elementor-element-populated\">\n\t\t\t\t\t\t<div class=\"elementor-element elementor-element-beb0089 elementor-widget__width-initial elementor-absolute rotate image-width-full elementor-widget elementor-widget-mae-gallery-stack\" data-id=\"beb0089\" data-element_type=\"widget\" data-settings=\"{&quot;_position&quot;:&quot;absolute&quot;}\" data-widget_type=\"mae-gallery-stack.default\">\n\t\t\t\t<div class=\"elementor-widget-container\">\n\t\t\t\t\t<div class=\"master-gallery-stack\">\n\t\t\t<div class=\"master-fancy-image elementor-repeater-item-09ac577\" data-top=\"0px\" data-calcheight=\"no\">\n\t\t\t\t\t\t\t\t\t\t<div class=\"image-wrap\"><img fetchpriority=\"high\" decoding=\"async\" width=\"740\" height=\"754\" src=\"https:\/\/fritsmate.de\/wp-content\/uploads\/2023\/07\/circle-dots.webp\" class=\"attachment-full size-full\" alt=\"\" srcset=\"https:\/\/fritsmate.de\/wp-content\/uploads\/2023\/07\/circle-dots.webp 740w, https:\/\/fritsmate.de\/wp-content\/uploads\/2023\/07\/circle-dots-294x300.webp 294w, https:\/\/fritsmate.de\/wp-content\/uploads\/2023\/07\/circle-dots-70x70.webp 70w\" sizes=\"(max-width: 740px) 100vw, 740px\" \/><\/div>\n\t\t\t\t\t\t\t\t\t<\/div>\t\t<\/div>\n\t    \t\t<\/div>\n\t\t\t\t<\/div>\n\t\t\t\t<div class=\"elementor-element elementor-element-8f4c150 elementor-widget elementor-widget-spacer\" data-id=\"8f4c150\" data-element_type=\"widget\" data-widget_type=\"spacer.default\">\n\t\t\t\t<div class=\"elementor-widget-container\">\n\t\t\t\t\t<div class=\"elementor-spacer\">\n\t\t\t<div class=\"elementor-spacer-inner\"><\/div>\n\t\t<\/div>\n\t\t\t\t<\/div>\n\t\t\t\t<\/div>\n\t\t\t\t<section class=\"elementor-section elementor-inner-section elementor-element elementor-element-da277e3 elementor-section-boxed elementor-section-height-default elementor-section-height-default\" data-id=\"da277e3\" data-element_type=\"section\">\n\t\t\t\t\t\t<div class=\"elementor-container elementor-column-gap-default\">\n\t\t\t\t\t<div class=\"elementor-column elementor-col-50 elementor-inner-column elementor-element elementor-element-6ac4b27\" data-id=\"6ac4b27\" data-element_type=\"column\">\n\t\t\t<div class=\"elementor-widget-wrap elementor-element-populated\">\n\t\t\t\t\t\t<div class=\"elementor-element elementor-element-97f7bdf image-width-full elementor-widget elementor-widget-mae-gallery-stack\" data-id=\"97f7bdf\" data-element_type=\"widget\" data-widget_type=\"mae-gallery-stack.default\">\n\t\t\t\t<div class=\"elementor-widget-container\">\n\t\t\t\t\t<div class=\"master-gallery-stack\">\n\t\t\t<div class=\"master-fancy-image master-animation elementor-repeater-item-ba0116b\" data-top=\"50px\" data-animation=\"fadeInLeftSmall\" data-calcheight=\"no\">\n\t\t\t\t\t\t\t\t\t<div class=\"image-wrap\"><img decoding=\"async\" width=\"1523\" height=\"1258\" src=\"https:\/\/fritsmate.de\/wp-content\/uploads\/2024\/07\/4I4A6915-1-scaled-e1728497539796.jpg\" class=\"attachment-full size-full\" alt=\"\" srcset=\"https:\/\/fritsmate.de\/wp-content\/uploads\/2024\/07\/4I4A6915-1-scaled-e1728497539796.jpg 1523w, https:\/\/fritsmate.de\/wp-content\/uploads\/2024\/07\/4I4A6915-1-scaled-e1728497539796-300x248.jpg 300w, https:\/\/fritsmate.de\/wp-content\/uploads\/2024\/07\/4I4A6915-1-scaled-e1728497539796-768x634.jpg 768w, https:\/\/fritsmate.de\/wp-content\/uploads\/2024\/07\/4I4A6915-1-scaled-e1728497539796-15x12.jpg 15w\" sizes=\"(max-width: 1523px) 100vw, 1523px\" \/><\/div>\n\t\t\t\t\t\t\t\t<\/div><div class=\"master-text master-animation elementor-repeater-item-28e17e1\" data-animation=\"fadeIn\"><div class=\"inner default\"><\/div><\/div>\t\t<\/div>\n\t    \t\t<\/div>\n\t\t\t\t<\/div>\n\t\t\t\t\t<\/div>\n\t\t<\/div>\n\t\t\t\t<div class=\"elementor-column elementor-col-50 elementor-inner-column elementor-element elementor-element-b935c50\" data-id=\"b935c50\" data-element_type=\"column\">\n\t\t\t<div class=\"elementor-widget-wrap elementor-element-populated\">\n\t\t\t\t\t\t<div class=\"elementor-element elementor-element-e887cab elementor-widget elementor-widget-image\" data-id=\"e887cab\" data-element_type=\"widget\" data-widget_type=\"image.default\">\n\t\t\t\t<div class=\"elementor-widget-container\">\n\t\t\t\t\t\t\t\t\t\t\t\t\t<img decoding=\"async\" width=\"853\" height=\"775\" src=\"https:\/\/fritsmate.de\/wp-content\/uploads\/2024\/07\/FM-LOGO-1-e1720472986507.png\" class=\"attachment-full size-full wp-image-4517\" alt=\"\" srcset=\"https:\/\/fritsmate.de\/wp-content\/uploads\/2024\/07\/FM-LOGO-1-e1720472986507.png 853w, https:\/\/fritsmate.de\/wp-content\/uploads\/2024\/07\/FM-LOGO-1-e1720472986507-300x273.png 300w, https:\/\/fritsmate.de\/wp-content\/uploads\/2024\/07\/FM-LOGO-1-e1720472986507-768x698.png 768w, https:\/\/fritsmate.de\/wp-content\/uploads\/2024\/07\/FM-LOGO-1-e1720472986507-13x12.png 13w\" sizes=\"(max-width: 853px) 100vw, 853px\" \/>\t\t\t\t\t\t\t\t\t\t\t\t\t<\/div>\n\t\t\t\t<\/div>\n\t\t\t\t<div class=\"elementor-element elementor-element-e387cc0 heading-default elementor-widget elementor-widget-mae-headings\" data-id=\"e387cc0\" data-element_type=\"widget\" data-widget_type=\"mae-headings.default\">\n\t\t\t\t<div class=\"elementor-widget-container\">\n\t\t\t\t\t<div class=\"master-heading sep-none\">\n\t\t\t\t\t\t\t        \n\t        \n\t        \t        <h2 class=\"main-heading\">Bizalom \u00e9s szak\u00e9rtelem<\/h2>\n\t        \n\t        \n\t        \t            <div class=\"sub-heading\">Feladatom, hogy seg\u00edtsek \u00d6nnek a legmegfelel\u0151bb szolg\u00e1ltat\u00e1sok \u00e9s term\u00e9kek kiv\u00e1laszt\u00e1s\u00e1ban, valamint k\u00e9pviseljem \u00d6nt a n\u00e9met biztos\u00edt\u00e1si \u00e9s p\u00e9nz\u00fcgyi piacon. Legyen sz\u00f3 megtakar\u00edt\u00e1sokr\u00f3l, befektet\u00e9sekr\u0151l, hitelekr\u0151l, ingatlanv\u00e1s\u00e1rl\u00e1sr\u00f3l vagy biztos\u00edt\u00e1sokr\u00f3l \u2013 k\u00f6sz\u00f6n\u00f6m ha megtisztel bizalm\u00e1val.<\/div>\n\t        \t    <\/div>\n\t    \t\t<\/div>\n\t\t\t\t<\/div>\n\t\t\t\t<div class=\"elementor-element elementor-element-3ec99b3 elementor-widget elementor-widget-mae-button\" data-id=\"3ec99b3\" data-element_type=\"widget\" data-widget_type=\"mae-button.default\">\n\t\t\t\t<div class=\"elementor-widget-container\">\n\t\t\t\n        \n        <a class=\"master-button btn-accent icon-none medium btn-hover-2\" href=\"http:\/\/fritsmate.de\/hu\/services\/\" \n            >\n\n            <span class=\"inner\">\n                <span class=\"content-base\">\n                                        <span class=\"text\">Szolg\u00e1ltat\u00e1saim<\/span>\n                                    <\/span>\n\n                <span class=\"content-hover\">\n                                        <span class=\"text\">Szolg\u00e1ltat\u00e1saim<\/span>\n                                    <\/span>\n            <\/span>\n\n            <span class=\"bg-hover\"><\/span>        <\/a>\n\n        \t\t<\/div>\n\t\t\t\t<\/div>\n\t\t\t\t\t<\/div>\n\t\t<\/div>\n\t\t\t\t\t<\/div>\n\t\t<\/section>\n\t\t\t\t<div class=\"elementor-element elementor-element-d3d9e18 elementor-widget elementor-widget-spacer\" data-id=\"d3d9e18\" data-element_type=\"widget\" data-widget_type=\"spacer.default\">\n\t\t\t\t<div class=\"elementor-widget-container\">\n\t\t\t\t\t<div class=\"elementor-spacer\">\n\t\t\t<div class=\"elementor-spacer-inner\"><\/div>\n\t\t<\/div>\n\t\t\t\t<\/div>\n\t\t\t\t<\/div>\n\t\t\t\t\t<\/div>\n\t\t<\/div>\n\t\t\t\t\t<\/div>\n\t\t<\/section>\n\t\t\t\t<section class=\"elementor-section elementor-top-section elementor-element elementor-element-8b5545b elementor-section-full_width elementor-section-height-default elementor-section-height-default\" data-id=\"8b5545b\" data-element_type=\"section\" data-settings=\"{&quot;background_background&quot;:&quot;classic&quot;}\">\n\t\t\t\t\t\t<div class=\"elementor-container elementor-column-gap-no\">\n\t\t\t\t\t<div class=\"elementor-column elementor-col-100 elementor-top-column elementor-element elementor-element-39461b3\" data-id=\"39461b3\" data-element_type=\"column\">\n\t\t\t<div class=\"elementor-widget-wrap elementor-element-populated\">\n\t\t\t\t\t\t<div class=\"elementor-element elementor-element-7efba99 elementor-widget__width-auto elementor-absolute shape1 elementor-widget elementor-widget-image\" data-id=\"7efba99\" data-element_type=\"widget\" data-settings=\"{&quot;_position&quot;:&quot;absolute&quot;}\" data-widget_type=\"image.default\">\n\t\t\t\t<div class=\"elementor-widget-container\">\n\t\t\t\t\t\t\t\t\t\t\t\t\t<img decoding=\"async\" src=\"https:\/\/fritsmate.de\/wp-content\/uploads\/2023\/07\/shape1.png\" title=\"\" alt=\"\" loading=\"lazy\" \/>\t\t\t\t\t\t\t\t\t\t\t\t\t<\/div>\n\t\t\t\t<\/div>\n\t\t\t\t<div class=\"elementor-element elementor-element-f342b36 elementor-widget elementor-widget-spacer\" data-id=\"f342b36\" data-element_type=\"widget\" data-widget_type=\"spacer.default\">\n\t\t\t\t<div class=\"elementor-widget-container\">\n\t\t\t\t\t<div class=\"elementor-spacer\">\n\t\t\t<div class=\"elementor-spacer-inner\"><\/div>\n\t\t<\/div>\n\t\t\t\t<\/div>\n\t\t\t\t<\/div>\n\t\t\t\t<div class=\"elementor-element elementor-element-b3bd027 elementor-widget__width-initial elementor-absolute e-transform image-width-full elementor-widget elementor-widget-mae-gallery-stack\" data-id=\"b3bd027\" data-element_type=\"widget\" data-settings=\"{&quot;_position&quot;:&quot;absolute&quot;,&quot;_transform_rotateZ_effect&quot;:{&quot;unit&quot;:&quot;px&quot;,&quot;size&quot;:1,&quot;sizes&quot;:[]},&quot;_transform_rotateZ_effect_tablet&quot;:{&quot;unit&quot;:&quot;deg&quot;,&quot;size&quot;:&quot;&quot;,&quot;sizes&quot;:[]},&quot;_transform_rotateZ_effect_mobile&quot;:{&quot;unit&quot;:&quot;deg&quot;,&quot;size&quot;:&quot;&quot;,&quot;sizes&quot;:[]}}\" data-widget_type=\"mae-gallery-stack.default\">\n\t\t\t\t<div class=\"elementor-widget-container\">\n\t\t\t\t\t<div class=\"master-gallery-stack\">\n\t\t\t<div class=\"master-text elementor-repeater-item-6ff9e82\"><div class=\"inner default\"><svg version=\"1.1\" xmlns=\"http:\/\/www.w3.org\/2000\/svg\" xmlns:xlink=\"http:\/\/www.w3.org\/1999\/xlink\" x=\"0px\" y=\"0px\"\n\t viewbox=\"0 0 766.8 651.8\" style=\"enable-background:new 0 0 766.8 651.8;\" xml:space=\"preserve\">\n<style type=\"text\/css\">\n\t.w01{fill:url(#SVGID_1_);}\n\t.st1{fill:url(#SVGID_00000009590812004984718870000007236937423150459326_);}\n\t.st2{fill:url(#SVGID_00000119109987840286534850000017858339421660120238_);}\n<\/style>\n<lineargradient id=\"SVGID_1_\" gradientunits=\"userSpaceOnUse\" x1=\"-190.9398\" y1=\"417.3783\" x2=\"321.2944\" y2=\"417.3783\" gradienttransform=\"matrix(0.9008 -0.4342 -0.4342 -0.9008 515.7584 629.7894)\">\n\t<stop  offset=\"0\" style=\"stop-color:#2F3CA6\"\/>\n\t<stop  offset=\"1\" style=\"stop-color:#263297\"\/>\n<\/lineargradient>\n<path class=\"w01\" d=\"M184,0c0,0,83.7,190.6,236.2,227.9c161.2,39.4,200.7,27.2,333.5,155.6L292.3,605.9L32.8,67.5L184,0z\"\/>\n<lineargradient id=\"SVGID_00000037670129498742876420000004667458611124016831_\" gradientunits=\"userSpaceOnUse\" x1=\"-25.2386\" y1=\"-604.5226\" x2=\"734.9587\" y2=\"-604.5226\" gradienttransform=\"matrix(1 -3.132108e-03 -3.132108e-03 -1 29.829 -268.7822)\">\n\t<stop  offset=\"0\" style=\"stop-color:#28B79A\"\/>\n\t<stop  offset=\"1\" style=\"stop-color:#263297\"\/>\n<\/lineargradient>\n<path class=\"w11\" style=\"fill:url(#SVGID_00000037670129498742876420000004667458611124016831_);\" d=\"M76.8,51.7c0,0,150.8,142.8,303.3,180.1\tc161.2,39.4,253.9,17,386.7,145.3L265.2,618.9L5.7,80.6L76.8,51.7z\"\/>\n<lineargradient id=\"SVGID_00000173854379537506616660000004103788627550868892_\" gradientunits=\"userSpaceOnUse\" x1=\"-31.026\" y1=\"-651.7424\" x2=\"734.9587\" y2=\"-651.7424\" gradienttransform=\"matrix(1 -3.132108e-03 -3.132108e-03 -1 29.829 -268.7822)\">\n\t<stop  offset=\"0\" style=\"stop-color:#2F3CA6\"\/>\n\t<stop  offset=\"1\" style=\"stop-color:#263297\"\/>\n<\/lineargradient>\n<path class=\"w21\" style=\"fill:url(#SVGID_00000173854379537506616660000004103788627550868892_);\" d=\"M0,113.5c0,0,176,117.6,374.4,151.2\tc163.6,27.7,259.6-15.9,392.4,112.4L259.5,651.8L0,113.5L0,113.5z\"\/>\n<\/svg>\n<\/div><\/div>\t\t<\/div>\n\t    \t\t<\/div>\n\t\t\t\t<\/div>\n\t\t\t\t<div class=\"elementor-element elementor-element-2d5c1cd align-center heading-default elementor-widget elementor-widget-mae-headings\" data-id=\"2d5c1cd\" data-element_type=\"widget\" data-widget_type=\"mae-headings.default\">\n\t\t\t\t<div class=\"elementor-widget-container\">\n\t\t\t\t\t<div class=\"master-heading sep-none\">\n\t\t\t\t\t\t\t        \n\t        \n\t        \t        <h2 class=\"main-heading\"><br><\/h2>\n\t        \n\t        \n\t        \t    <\/div>\n\t    \t\t<\/div>\n\t\t\t\t<\/div>\n\t\t\t\t<div class=\"elementor-element elementor-element-29b55ba elementor-widget elementor-widget-spacer\" data-id=\"29b55ba\" data-element_type=\"widget\" data-widget_type=\"spacer.default\">\n\t\t\t\t<div class=\"elementor-widget-container\">\n\t\t\t\t\t<div class=\"elementor-spacer\">\n\t\t\t<div class=\"elementor-spacer-inner\"><\/div>\n\t\t<\/div>\n\t\t\t\t<\/div>\n\t\t\t\t<\/div>\n\t\t\t\t\t<\/div>\n\t\t<\/div>\n\t\t\t\t\t<\/div>\n\t\t<\/section>\n\t\t\t\t<section class=\"elementor-section elementor-top-section elementor-element elementor-element-01e4d7f elementor-section-boxed elementor-section-height-default elementor-section-height-default\" data-id=\"01e4d7f\" data-element_type=\"section\">\n\t\t\t\t\t\t<div class=\"elementor-container elementor-column-gap-default\">\n\t\t\t\t\t<div class=\"elementor-column elementor-col-100 elementor-top-column elementor-element elementor-element-e45cd79\" data-id=\"e45cd79\" data-element_type=\"column\">\n\t\t\t<div class=\"elementor-widget-wrap elementor-element-populated\">\n\t\t\t\t\t\t<section class=\"elementor-section elementor-inner-section elementor-element elementor-element-869eff0 elementor-section-full_width elementor-section-height-default elementor-section-height-default\" data-id=\"869eff0\" data-element_type=\"section\" data-settings=\"{&quot;background_background&quot;:&quot;classic&quot;}\">\n\t\t\t\t\t\t<div class=\"elementor-container elementor-column-gap-default\">\n\t\t\t\t\t<div class=\"elementor-column elementor-col-100 elementor-inner-column elementor-element elementor-element-c656fda\" data-id=\"c656fda\" data-element_type=\"column\">\n\t\t\t<div class=\"elementor-widget-wrap elementor-element-populated\">\n\t\t\t\t\t\t<div class=\"elementor-element elementor-element-c6e2770 tabs-vertical tabs-default btn-align-stretch elementor-widget elementor-widget-mae-tabs\" data-id=\"c6e2770\" data-element_type=\"widget\" data-widget_type=\"mae-tabs.default\">\n\t\t\t\t<div class=\"elementor-widget-container\">\n\t\t\t\n\t\t<div class=\"master-tabs\">\n\t\t    <div class=\"interactive-line\"><div class=\"line\"><\/div><\/div>\t\t\t\t\t\t<div class=\"tab-link-wrap\">\n\t\t\t\t\t\t\t\t<div class=\"tab-link\" data-tab=\"tab-1731\">\n\t\t\t\t    \t\t\t\t    Tan\u00e1csad\u00f3i filoz\u00f3fia\t\t\t\t<\/div>\n\t\t\t\t\t\t\t\t<div class=\"tab-link\" data-tab=\"tab-2731\">\n\t\t\t\t    \t\t\t\t    Szakmai h\u00e1tt\u00e9r\t\t\t\t<\/div>\n\t\t\t\t\t\t\t\t<div class=\"tab-link\" data-tab=\"tab-3731\">\n\t\t\t\t    \t\t\t\t    Vezet\u0151i szerep\t\t\t\t<\/div>\n\t\t\t\t\t\t\t\t\t\t\t<\/div>\n\t\t\t\n\t\t\t<div class=\"tab-content-wrap\">\n\t\t\t\t\t\t\t\t<div id=\"tab-1731\" class=\"tab-content\">\n\t\t\t\t\t<p><span style=\"color: #000000;\">Mindig is szerettem k\u00edv\u00e1ncsian hallgatni m\u00e1sokat, szeretem megismerni az \u00fcgyfeleimet, \u00e9s sz\u00edvesen \u00e9p\u00edtek kapcsolatokat. Egy id\u0151 ut\u00e1n azt vettem \u00e9szre, hogy egyre t\u00f6bben fordulnak hozz\u00e1m olyan biztos\u00edt\u00e1si k\u00e9rd\u00e9sekkel, amelyekre kor\u00e1bban nem vagy csak hi\u00e1nyos v\u00e1laszt kaptak, illetve, hogy nem el\u00e9gedettek a biztos\u00edt\u00f3juk \u00e1ltal ny\u00fajtott szolg\u00e1ltat\u00e1sokkal. K\u00f6teless\u00e9gemnek \u00e9rzem, hogy az ilyen besz\u00e9lget\u00e9sek sor\u00e1n felmer\u00fcl\u0151 k\u00e9rd\u00e9sekre pontos v\u00e1laszokat \u00e9s korrekt t\u00e1j\u00e9koztat\u00e1st adjak. Kezdett\u0151l fogva fontos sz\u00e1momra, hogy \u00fcgyfeleimmel ne csak k\u00f6lcs\u00f6n\u00f6s bizalmat \u00e9p\u00edtsenek ki, hanem el\u00e9gedetten, \u00faj ismeretekkel \u00e9s a sz\u00e1mukra megfelel\u0151 p\u00e9nz\u00fcgyi szolg\u00e1ltat\u00e1ssal t\u00e1vozzanak a besz\u00e9lget\u00e9s\u00fcnkb\u0151l.<\/span><\/p>\t\t\t\t<\/div>\n\t\t\t\t\t\t\t\t<div id=\"tab-2731\" class=\"tab-content\">\n\t\t\t\t\t<p><span style=\"color: #000000;\">K\u00f6zgazdas\u00e1gi v\u00e9gzetts\u00e9ggel rendelkezem. Tanulm\u00e1nyaimat Magyarorsz\u00e1gon kezdtem, majd Belgiumban fejeztem be, amely meghat\u00e1roz\u00f3 elem\u00e9v\u00e9 v\u00e1lt a p\u00e9nz\u00fcgyi \u00e9s \u00e9rt\u00e9kes\u00edt\u00e9si szeml\u00e9letemnek. Befektet\u00e9si, biztos\u00edt\u00e1si, illetve hitelez\u00e9si k\u00e9pes\u00edt\u00e9seimet N\u00e9metorsz\u00e1gban szereztem.<\/span><\/p>\t\t\t\t<\/div>\n\t\t\t\t\t\t\t\t<div id=\"tab-3731\" class=\"tab-content\">\n\t\t\t\t\t<p><span style=\"color: #000000;\">T\u00f6bb mint hat \u00e9ve dolgozom p\u00e9nz\u00fcgyi tan\u00e1csad\u00f3k\u00e9nt N\u00e9metorsz\u00e1gban, jelenleg egy 5 f\u0151s csapat felel\u0151s vezet\u0151jek\u00e9nt. Szakmai p\u00e1lyafut\u00e1som sor\u00e1n sz\u00e1mos k\u00fcl\u00f6nb\u00f6z\u0151 p\u00e9nz\u00fcgyi helyzettel szembes\u00fcltem, amelyek mind hozz\u00e1j\u00e1rultak a p\u00e9nz\u00fcgyi tan\u00e1csad\u00e1ssal kapcsolatos sz\u00e9les k\u00f6r\u0171 \u00e9s m\u00e9lyrehat\u00f3 ismereteimhez. Az \u00e9vek sor\u00e1n szerzett tapasztalataimnak k\u00f6sz\u00f6nhet\u0151en k\u00e9pes vagyok hat\u00e9konyan vezetni \u00e9s motiv\u00e1lni a csapatom, mik\u00f6zben maxim\u00e1lis figyelmet ford\u00edtok \u00fcgyfeleink ig\u00e9nyeire.<\/span><\/p>\t\t\t\t<\/div>\n\t\t\t\t\t\t\t<\/div>\n\t    <\/div>\n\n\t    \t\t<\/div>\n\t\t\t\t<\/div>\n\t\t\t\t<div class=\"elementor-element elementor-element-b50bd0b elementor-widget__width-initial list-default icon-default elementor-invisible elementor-widget elementor-widget-mae-list\" data-id=\"b50bd0b\" data-element_type=\"widget\" data-settings=\"{&quot;_animation&quot;:&quot;fadeInRight&quot;}\" data-widget_type=\"mae-list.default\">\n\t\t\t\t<div class=\"elementor-widget-container\">\n\t\t\t\n\t\t<div class=\"master-list\">\n\t\t\t\t\t\t\t<div class=\"master-icon-text list-item\">\n\t\t\t\t        \t\t\t        <div class=\"icon-wrap\">\n    \t\t\t\t        <i aria-hidden=\"true\" class=\"ci ci-check-circle-o\"><\/i>    \t\t\t        <\/div> \n    \t\t\t    \n\t\t\t        <div class=\"content-wrap\">\n\t\t\t            Szak\u00e9rt\u0151i v\u00e1laszok p\u00e9nz\u00fcgyi k\u00e9rd\u00e9sekre\t\t\t        <\/div>\n\t\t\t        \n\t\t\t        \t\t\t    <\/div>\n\t\t    \t\t\t\t<div class=\"master-icon-text list-item\">\n\t\t\t\t        \t\t\t        <div class=\"icon-wrap\">\n    \t\t\t\t        <i aria-hidden=\"true\" class=\"ci ci-check-circle-o\"><\/i>    \t\t\t        <\/div> \n    \t\t\t    \n\t\t\t        <div class=\"content-wrap\">\n\t\t\t            Nemzetk\u00f6zi tanulm\u00e1nyok \u00e9s \u00e1tfog\u00f3 k\u00e9pes\u00edt\u00e9sek\t\t\t        <\/div>\n\t\t\t        \n\t\t\t        \t\t\t    <\/div>\n\t\t    \t\t\t\t<div class=\"master-icon-text list-item\">\n\t\t\t\t        \t\t\t        <div class=\"icon-wrap\">\n    \t\t\t\t        <i aria-hidden=\"true\" class=\"ci ci-check-circle-o\"><\/i>    \t\t\t        <\/div> \n    \t\t\t    \n\t\t\t        <div class=\"content-wrap\">\n\t\t\t            T\u00f6bb \u00e9ves tan\u00e1csad\u00f3i tapasztalat\t\t\t        <\/div>\n\t\t\t        \n\t\t\t        \t\t\t    <\/div>\n\t\t    \t\t<\/div>\n\t\t\t<\/div>\n\t\t\t\t<\/div>\n\t\t\t\t\t<\/div>\n\t\t<\/div>\n\t\t\t\t\t<\/div>\n\t\t<\/section>\n\t\t\t\t\t<\/div>\n\t\t<\/div>\n\t\t\t\t\t<\/div>\n\t\t<\/section>\n\t\t\t\t<\/div>\n\t\t\n    <div class=\"xs_social_share_widget xs_share_url after_content \t\tmain_content  wslu-style-1 wslu-share-box-shaped wslu-fill-colored wslu-none wslu-share-horizontal wslu-theme-font-no wslu-main_content\">\n\n\t\t\n        <ul>\n\t\t\t        <\/ul>\n    <\/div>","protected":false},"excerpt":{"rendered":"<p>Vertrauen und Kompetenz Meine Aufgabe ist es, Ihnen bei der Auswahl der am besten geeigneten Dienstleistungen und Produkte zu helfen und Sie auf dem deutschen Versicherungs- und Finanzmarkt zu vertreten. Ob es sich um Ersparnisse, Einstellungen, Investitionen, Kredite, Immobilienkauf oder auch Versicherungen handelt, ich danke Ihnen f\u00fcr Ihr Vertrauen! Meine<\/p>","protected":false},"author":4,"featured_media":0,"parent":0,"menu_order":0,"comment_status":"closed","ping_status":"closed","template":"","meta":{"_acf_changed":false,"inline_featured_image":false,"footnotes":""},"acf":[],"_links":{"self":[{"href":"http:\/\/fritsmate.de\/hu\/wp-json\/wp\/v2\/pages\/3736"}],"collection":[{"href":"http:\/\/fritsmate.de\/hu\/wp-json\/wp\/v2\/pages"}],"about":[{"href":"http:\/\/fritsmate.de\/hu\/wp-json\/wp\/v2\/types\/page"}],"author":[{"embeddable":true,"href":"http:\/\/fritsmate.de\/hu\/wp-json\/wp\/v2\/users\/4"}],"replies":[{"embeddable":true,"href":"http:\/\/fritsmate.de\/hu\/wp-json\/wp\/v2\/comments?post=3736"}],"version-history":[{"count":62,"href":"http:\/\/fritsmate.de\/hu\/wp-json\/wp\/v2\/pages\/3736\/revisions"}],"predecessor-version":[{"id":5626,"href":"http:\/\/fritsmate.de\/hu\/wp-json\/wp\/v2\/pages\/3736\/revisions\/5626"}],"wp:attachment":[{"href":"http:\/\/fritsmate.de\/hu\/wp-json\/wp\/v2\/media?parent=3736"}],"curies":[{"name":"wp","href":"https:\/\/api.w.org\/{rel}","templated":true}]}}