{"id":389,"date":"2020-10-20T15:25:33","date_gmt":"2020-10-20T15:25:33","guid":{"rendered":"https:\/\/fritsmate.de\/hu\/?page_id=389"},"modified":"2024-10-12T12:54:03","modified_gmt":"2024-10-12T10:54:03","slug":"datenschutz-cookies","status":"publish","type":"page","link":"http:\/\/fritsmate.de\/hu\/datenschutz-cookies\/","title":{"rendered":"Adatkezel\u00e9s | S\u00fctik"},"content":{"rendered":"<div data-elementor-type=\"wp-page\" data-elementor-id=\"389\" class=\"elementor elementor-389\">\n\t\t\t\t\t\t<section class=\"elementor-section elementor-top-section elementor-element elementor-element-59f9a90e elementor-section-boxed elementor-section-height-default elementor-section-height-default\" data-id=\"59f9a90e\" data-element_type=\"section\">\n\t\t\t\t\t\t<div class=\"elementor-container elementor-column-gap-default\">\n\t\t\t\t\t<div class=\"elementor-column elementor-col-100 elementor-top-column elementor-element elementor-element-5c04441b\" data-id=\"5c04441b\" data-element_type=\"column\">\n\t\t\t<div class=\"elementor-widget-wrap elementor-element-populated\">\n\t\t\t\t\t\t<div class=\"elementor-element elementor-element-a3cea9e elementor-widget elementor-widget-text-editor\" data-id=\"a3cea9e\" data-element_type=\"widget\" data-widget_type=\"text-editor.default\">\n\t\t\t\t<div class=\"elementor-widget-container\">\n\t\t\t\t\t\t\t<p><span style=\"color: #999999;\">Wir freuen uns \u00fcber Ihr Interesse an unserer Website. Der Schutz Ihrer Privatsph\u00e4re ist f\u00fcr uns sehr wichtig. Im Folgenden informieren wir Sie ausf\u00fchrlich \u00fcber den Umgang mit Ihren Daten.<\/span><\/p>\n<p><span style=\"color: #999999;\">1. Verantwortlicher<\/span><\/p>\n<p><span style=\"color: #999999;\">Verantwortlicher f\u00fcr die Datenverarbeitung auf dieser Website im Sinne der Datenschutz-Grundverordnung (DSGVO) ist:<\/span><\/p>\n<p><span style=\"color: #999999;\">[Mate Frits] [93309 Kelheim, Ludwigstrasse 1] [01705287839] [info@fritsmate.de]<\/span><\/p>\n<p><span style=\"color: #999999;\">2. Erhebung und Speicherung personenbezogener Daten sowie Art und Zweck von deren Verwendung<\/span><\/p>\n<p><span style=\"color: #999999;\">a) Beim Besuch der Website Beim Aufrufen unserer Website www.fritsmate.de werden durch den auf Ihrem Endger\u00e4t zum Einsatz kommenden Browser automatisch Informationen an den Server unserer Website gesendet. Diese Informationen werden tempor\u00e4r in einem sogenannten Logfile gespeichert. Folgende Informationen werden dabei ohne Ihr Zutun erfasst und bis zur automatisierten L\u00f6schung gespeichert:<\/span><\/p>\n<p><span style=\"color: #999999;\">\u00b7 IP-Adresse des anfragenden Rechners,<\/span><\/p>\n<p><span style=\"color: #999999;\">\u00b7 Datum und Uhrzeit des Zugriffs,<\/span><\/p>\n<p><span style=\"color: #999999;\">\u00b7 Name und URL der abgerufenen Datei,<\/span><\/p>\n<p><span style=\"color: #999999;\">\u00b7 Website, von der aus der Zugriff erfolgt (Referrer-URL),<\/span><\/p>\n<p><span style=\"color: #999999;\">\u00b7 verwendeter Browser und ggf. das Betriebssystem Ihres Rechners sowie der Name Ihres Access-Providers.<\/span><\/p>\n<p><span style=\"color: #999999;\">Die genannten Daten werden durch uns zu folgenden Zwecken verarbeitet:<\/span><\/p>\n<p><span style=\"color: #999999;\">\u00b7 Gew\u00e4hrleistung eines reibungslosen Verbindungsaufbaus der Website,<\/span><\/p>\n<p><span style=\"color: #999999;\">\u00b7 Gew\u00e4hrleistung einer komfortablen Nutzung unserer Website,<\/span><\/p>\n<p><span style=\"color: #999999;\">\u00b7 Auswertung der Systemsicherheit und -stabilit\u00e4t sowie<\/span><\/p>\n<p><span style=\"color: #999999;\">\u00b7 zu weiteren administrativen Zwecken.<\/span><\/p>\n<p><span style=\"color: #999999;\">Die Rechtsgrundlage f\u00fcr die Datenverarbeitung ist Art. 6 Abs. 1 S. 1 lit. f DSGVO. Unser berechtigtes Interesse folgt aus den oben aufgelisteten Zwecken zur Datenerhebung.<\/span><\/p>\n<p><span style=\"color: #999999;\">b) Bei Nutzung unseres Kontaktformulars<\/span><\/p>\n<p><span style=\"color: #999999;\">Bei Fragen jeglicher Art bieten wir Ihnen die M\u00f6glichkeit, mit uns \u00fcber ein auf der Website bereitgestelltes Formular Kontakt aufzunehmen. Dabei ist die Angabe einer g\u00fcltigen E-Mail-Adresse erforderlich, damit wir wissen, von wem die Anfrage stammt und um diese beantworten zu k\u00f6nnen. Weitere Angaben k\u00f6nnen freiwillig get\u00e4tigt werden.<\/span><\/p>\n<p><span style=\"color: #999999;\">Die Datenverarbeitung zum Zwecke der Kontaktaufnahme mit uns erfolgt nach Art. 6 Abs. 1 S. 1 lit. a DSGVO auf Grundlage Ihrer freiwillig erteilten Einwilligung.<\/span><\/p>\n<p><span style=\"color: #999999;\">3. Weitergabe von Daten<\/span><\/p>\n<p><span style=\"color: #999999;\">Eine \u00dcbermittlung Ihrer pers\u00f6nlichen Daten an Dritte zu anderen als den im Folgenden aufgef\u00fchrten Zwecken findet nicht statt.<\/span><\/p>\n<p><span style=\"color: #999999;\">Wir geben Ihre pers\u00f6nlichen Daten nur an Dritte weiter, wenn:<\/span><\/p>\n<p><span style=\"color: #999999;\">\u00b7 Sie Ihre nach Art. 6 Abs. 1 S. 1 lit. a DSGVO ausdr\u00fcckliche Einwilligung dazu erteilt haben,<\/span><\/p>\n<p><span style=\"color: #999999;\">\u00b7 die Weitergabe nach Art. 6 Abs. 1 S. 1 lit. f DSGVO zur Geltendmachung, Aus\u00fcbung oder Verteidigung von Rechtsanspr\u00fcchen erforderlich ist und kein Grund zur Annahme besteht, dass Sie ein \u00fcberwiegendes schutzw\u00fcrdiges Interesse an der Nichtweitergabe Ihrer Daten haben,<\/span><\/p>\n<p><span style=\"color: #999999;\">\u00b7 f\u00fcr den Fall, dass f\u00fcr die Weitergabe nach Art. 6 Abs. 1 S. 1 lit. c DSGVO eine gesetzliche Verpflichtung besteht, sowie<\/span><\/p>\n<p><span style=\"color: #999999;\">\u00b7 dies gesetzlich zul\u00e4ssig und nach Art. 6 Abs. 1 S. 1 lit. b DSGVO f\u00fcr die Abwicklung von Vertragsverh\u00e4ltnissen mit Ihnen erforderlich ist.<\/span><\/p>\n<p><span style=\"color: #999999;\">4. Cookies<\/span><\/p>\n<p><span style=\"color: #999999;\">Wir setzen auf unserer Website Cookies ein. Hierbei handelt es sich um kleine Dateien, die Ihr Browser automatisch erstellt und die auf Ihrem Endger\u00e4t (Laptop, Tablet, Smartphone o.\u00e4.) gespeichert werden, wenn Sie unsere Seite besuchen. Cookies richten auf Ihrem Endger\u00e4t keinen Schaden an, enthalten keine Viren, Trojaner oder sonstige Schadsoftware.<\/span><\/p>\n<p><span style=\"color: #999999;\">In dem Cookie werden Informationen abgelegt, die sich jeweils im Zusammenhang mit dem spezifisch eingesetzten Endger\u00e4t ergeben. Dies bedeutet jedoch nicht, dass wir dadurch unmittelbar Kenntnis von Ihrer Identit\u00e4t erhalten.<\/span><\/p>\n<p><span style=\"color: #999999;\">Der Einsatz von Cookies dient einerseits dazu, die Nutzung unseres Angebots f\u00fcr Sie angenehmer zu gestalten. So setzen wir sogenannte Session-Cookies ein, um zu erkennen, dass Sie einzelne Seiten unserer Website bereits besucht haben. Diese werden nach Verlassen unserer Seite automatisch gel\u00f6scht.<\/span><\/p>\n<p><span style=\"color: #999999;\">Dar\u00fcber hinaus setzen wir ebenfalls zur Optimierung der Benutzerfreundlichkeit tempor\u00e4re Cookies ein, die f\u00fcr einen bestimmten festgelegten Zeitraum auf Ihrem<\/span><\/p>\n<p><span style=\"color: #999999;\">Endger\u00e4t gespeichert werden. Besuchen Sie unsere Seite erneut, um unsere Dienste in Anspruch zu nehmen, wird automatisch erkannt, dass Sie bereits bei uns waren und welche Eingaben und Einstellungen sie get\u00e4tigt haben, um diese nicht noch einmal eingeben zu m\u00fcssen.<\/span><\/p>\n<p><span style=\"color: #999999;\">Zum anderen setzen wir Cookies ein, um die Nutzung unserer Website statistisch zu erfassen und zum Zwecke der Optimierung unseres Angebotes f\u00fcr Sie auszuwerten (siehe Ziffer 5). Diese Cookies erm\u00f6glichen es uns, bei einem erneuten Besuch unserer Seite automatisch zu erkennen, dass Sie bereits bei uns waren. Diese Cookies werden nach einer jeweils definierten Zeit automatisch gel\u00f6scht.<\/span><\/p>\n<p><span style=\"color: #999999;\">Die durch Cookies verarbeiteten Daten sind f\u00fcr die genannten Zwecke zur Wahrung unserer berechtigten Interessen sowie der Dritter nach Art. 6 Abs. 1 S. 1 lit. f DSGVO erforderlich.<\/span><\/p>\n<p><span style=\"color: #999999;\">5. Betroffenenrechte<\/span><\/p>\n<p><span style=\"color: #999999;\">Sie haben das Recht:<\/span><\/p>\n<p><span style=\"color: #999999;\">\u00b7 gem\u00e4\u00df Art. 15 DSGVO Auskunft \u00fcber Ihre von uns verarbeiteten personenbezogenen Daten zu verlangen,<\/span><\/p>\n<p><span style=\"color: #999999;\">\u00b7 gem\u00e4\u00df Art. 16 DSGVO unverz\u00fcglich die Berichtigung unrichtiger oder Vervollst\u00e4ndigung Ihrer bei uns gespeicherten personenbezogenen Daten zu verlangen,<\/span><\/p>\n<p><span style=\"color: #999999;\">\u00b7 gem\u00e4\u00df Art. 17 DSGVO die L\u00f6schung Ihrer bei uns gespeicherten personenbezogenen Daten zu verlangen,<\/span><\/p>\n<p><span style=\"color: #999999;\">\u00b7 gem\u00e4\u00df Art. 18 DSGVO die Einschr\u00e4nkung der Verarbeitung Ihrer personenbezogenen Daten zu verlangen,<\/span><\/p>\n<p><span style=\"color: #999999;\">\u00b7 gem\u00e4\u00df Art. 20 DSGVO Ihre personenbezogenen Daten, die Sie uns bereitgestellt haben, in einem strukturierten, g\u00e4ngigen und maschinenlesbaren Format zu erhalten oder die \u00dcbermittlung an einen anderen Verantwortlichen zu verlangen,<\/span><\/p>\n<p><span style=\"color: #999999;\">\u00b7 gem\u00e4\u00df Art. 7 Abs. 3 DSGVO Ihre einmal erteilte Einwilligung jederzeit gegen\u00fcber uns zu widerrufen und<\/span><\/p>\n<p><span style=\"color: #999999;\">\u00b7 gem\u00e4\u00df Art. 77 DSGVO sich bei einer Aufsichtsbeh\u00f6rde zu beschweren.<\/span><\/p>\n<p><span style=\"color: #999999;\">6. Widerspruchsrecht<\/span><\/p>\n<p><span style=\"color: #999999;\">Sofern Ihre personenbezogenen Daten auf Grundlage von berechtigten Interessen gem\u00e4\u00df Art. 6 Abs. 1 S. 1 lit. f DSGVO verarbeitet werden, haben Sie das Recht, gem\u00e4\u00df Art. 21 DSGVO Widerspruch gegen die Verarbeitung Ihrer personenbezogenen Daten einzulegen, soweit daf\u00fcr Gr\u00fcnde vorliegen, die sich aus Ihrer besonderen Situation ergeben.<\/span><\/p>\n<p><span style=\"color: #999999;\">M\u00f6chten Sie von Ihrem Widerspruchsrecht Gebrauch machen, gen\u00fcgt eine E-Mail an info@fritsmate.de.<\/span><\/p>\n<p><span style=\"color: #999999;\">7. Datensicherheit<\/span><\/p>\n<p><span style=\"color: #999999;\">Wir verwenden innerhalb des Website-Besuchs das verbreitete SSL-Verfahren (Secure Socket Layer) in Verbindung mit der jeweils h\u00f6chsten Verschl\u00fcsselungsstufe, die von Ihrem Browser unterst\u00fctzt wird. In der Regel handelt es sich dabei um eine 256-Bit-Verschl\u00fcsselung. Falls Ihr Browser keine 256-Bit-Verschl\u00fcsselung unterst\u00fctzt, greifen wir stattdessen auf 128-Bit-v3-Technologie zur\u00fcck. Ob eine einzelne Seite unseres Internetauftrittes verschl\u00fcsselt \u00fcbertragen wird, erkennen Sie an der geschlossenen Darstellung des Sch\u00fcssel- beziehungsweise Schloss-Symbols in der unteren Statusleiste Ihres Browsers.<\/span><\/p>\n<p><span style=\"color: #999999;\">8. Aktualit\u00e4t und \u00c4nderung dieser Datenschutzerkl\u00e4rung<\/span><\/p>\n<p><span style=\"color: #999999;\">Diese Datenschutzerkl\u00e4rung ist aktuell g\u00fcltig und hat den Stand 12.10.2024.<\/span><\/p>\n<p><span style=\"color: #999999;\">Durch die Weiterentwicklung unserer Website und Angebote dar\u00fcber oder aufgrund ge\u00e4nderter gesetzlicher beziehungsweise beh\u00f6rdlicher Vorgaben kann es notwendig werden, diese Datenschutzerkl\u00e4rung zu \u00e4ndern. Die jeweils aktuelle Datenschutzerkl\u00e4rung kann jederzeit auf der Website unter www.fritsmate.de von Ihnen abgerufen und ausgedruckt werden.<\/span><\/p>\n<p>\u00a0<\/p>\n<p>\u00a0<\/p>\t\t\t\t\t\t<\/div>\n\t\t\t\t<\/div>\n\t\t\t\t<div class=\"elementor-element elementor-element-485c39a0 elementor-widget elementor-widget-text-editor\" data-id=\"485c39a0\" data-element_type=\"widget\" data-widget_type=\"text-editor.default\">\n\t\t\t\t<div class=\"elementor-widget-container\">\n\t\t\t\t\t\t\t<p><strong style=\"color: #e2d9d2;\">Felel\u0151s: Frits M\u00e1t\u00e9<\/strong><\/p>\n<div class=\"boldgrid-section\">\n<div class=\"container\">\n<div class=\"row\">\n<div class=\"col-md-12 col-xs-12 col-sm-12\">\n<p class=\"\" style=\"text-align: left;\"><span style=\"color: #e2d9d2;\"><strong><em>Kapcsolat:<\/em><\/strong><\/span><\/p>\n<p class=\"\" style=\"text-align: left;\"><span style=\"color: #e2d9d2;\"><em><strong>C\u00edm:<\/strong><\/em> <strong><em>DE-93309 Kelheim, Ludwigstrasse 1<\/em><\/strong><\/span><\/p>\n<p class=\"\" style=\"text-align: left;\"><span style=\"color: #e2d9d2;\">Tel.: +49 170 528 7839<\/span><\/p>\n<p class=\"\" style=\"text-align: left;\"><span style=\"color: #e2d9d2;\">E-mail: info@fritsmate.de<\/span><\/p>\n<p class=\"\" style=\"text-align: left;\"><span style=\"color: #e2d9d2;\"><strong><em>Felel\u0151ss\u00e9gi nyilatkozat<\/em><\/strong><\/span><br \/><span style=\"color: #e2d9d2;\"><strong><em>Felel\u0151ss\u00e9g a tartalom\u00e9rt<\/em><\/strong><\/span><\/p>\n<p class=\"\" style=\"text-align: left;\"><span style=\"color: #e2d9d2;\">Szolg\u00e1ltat\u00f3k\u00e9nt a TMG (n\u00e9met telem\u00e9diat\u00f6rv\u00e9ny) 7. szakasz\u00e1nak (1) bekezd\u00e9se \u00e9s az \u00e1ltal\u00e1nos jogszab\u00e1lyok \u00e9rtelm\u00e9ben felel\u0151sek vagyunk az ezeken az oldalakon tal\u00e1lhat\u00f3 saj\u00e1t tartalmak\u00e9rt. A TMG 8-10. \u00a7-ai szerint azonban szolg\u00e1ltat\u00f3k\u00e9nt nem vagyunk k\u00f6telesek a tov\u00e1bb\u00edtott vagy t\u00e1rolt, harmadik f\u00e9lt\u0151l sz\u00e1rmaz\u00f3 inform\u00e1ci\u00f3kat ellen\u0151rizni, illetve a jogellenes tev\u00e9kenys\u00e9gre utal\u00f3 k\u00f6r\u00fclm\u00e9nyeket kivizsg\u00e1lni. Az \u00e1ltal\u00e1nos jogszab\u00e1lyok szerinti, az inform\u00e1ci\u00f3k elt\u00e1vol\u00edt\u00e1s\u00e1ra vagy haszn\u00e1lat\u00e1nak megakad\u00e1lyoz\u00e1s\u00e1ra vonatkoz\u00f3 k\u00f6telezetts\u00e9gek ett\u0151l f\u00fcggetlen\u00fcl fennmaradnak. Az ezzel kapcsolatos felel\u0151ss\u00e9gre von\u00e1s azonban csak a konkr\u00e9t jogs\u00e9rt\u00e9sr\u0151l val\u00f3 tudom\u00e1sszerz\u00e9st\u0151l kezdve lehets\u00e9ges. Amint tudom\u00e1st szerz\u00fcnk az ilyen jogs\u00e9rt\u00e9sekr\u0151l, azonnal elt\u00e1vol\u00edtjuk ezt a tartalmat.<\/span><\/p>\n<p class=\"\" style=\"text-align: left;\"><span style=\"color: #e2d9d2;\"><strong><em>Felel\u0151ss\u00e9g a linkek\u00e9rt<\/em><\/strong><\/span><\/p>\n<p style=\"text-align: left;\"><span style=\"color: #e2d9d2;\">Unser Angebot enth\u00e4lt Links zu externen Webseiten Dritter, auf deren Inhalte wir keinen Einfluss haben. Deshalb k\u00f6nnen wir f\u00fcr diese fremden Inhalte auch keine Gew\u00e4hr \u00fcbernehmen. F\u00fcr die Inhalte der verlinkten Seiten ist stets der jeweilige Anbieter oder Betreiber der Seiten verantwortlich. Die verlinkten Seiten wurden zum Zeitpunkt der Verlinkung auf m\u00f6gliche Rechtsverst\u00f6\u00dfe \u00fcberpr\u00fcft. Rechtswidrige Inhalte waren zum Zeitpunkt der Verlinkung nicht erkennbar. Eine permanente inhaltliche Kontrolle der verlinkten Seiten ist jedoch ohne konkrete Anhaltspunkte einer Rechtsverletzung nicht\u00a0zumutbar. Bei Bekanntwerden von Rechtsverletzungen werden wir derartige Links umgehend entfernen.<\/span><\/p>\n<p style=\"text-align: left;\"><span style=\"color: #e2d9d2;\"><strong><em>Urheberrecht<\/em><\/strong><\/span><\/p>\n<p style=\"text-align: left;\"><span style=\"color: #e2d9d2;\">Die durch die Seitenbetreiber erstellten Inhalte und Werke auf diesen Seiten unterliegen dem deutschen Urheberrecht. Die Vervielf\u00e4ltigung, Bearbeitung, Verbreitung und jede Art der Verwertung au\u00dferhalb der Grenzen des Urheberrechtes bed\u00fcrfen der schriftlichen Zustimmung des jeweiligen Autors bzw. Erstellers.\u00a0Downloads und Kopien dieser Seite sind nicht gestattet.\u00a0Soweit die Inhalte auf dieser Seite nicht vom Betreiber erstellt wurden, werden die Urheberrechte Dritter beachtet. Insbesondere werden Inhalte Dritter als solche gekennzeichnet. Sollten Sie trotzdem auf eine Urheberrechtsverletzung aufmerksam werden, bitten wir um einen entsprechenden Hinweis. Bei Bekanntwerden von Rechtsverletzungen werden wir derartige Inhalte umgehend entfernen.<\/span><\/p>\n<p style=\"text-align: left;\"><span style=\"color: #e2d9d2;\"><strong><em>Datenschutz<\/em><\/strong><\/span><\/p>\n<p style=\"text-align: left;\"><span style=\"color: #e2d9d2;\">Die Nutzung meiner Webseite ist in der Regel ohne Angabe personenbezogener Daten m\u00f6glich. Soweit auf meinen Seiten personenbezogene Daten , wie Name, Anschrift,Telefon Nummern,oder eMail-Adressen, erhoben werden, erfolgt dies, soweit m\u00f6glich, stets auf freiwilliger Basis. Diese daten werden ohne Ihre ausdr\u00fcckliche Zustimmung nicht an Dritte weitergegeben. Dieses Datei halten wir bis Sie nicht widerrufen! Ich weise darauf hin, dass die Daten\u00fcbertragung im Internet Sicherheitsl\u00fccken aufweisen kann. Ein l\u00fcckenloser Schutz der Daten vor dem Zugriff durch Dritte ist nicht m\u00f6glich.<\/span><\/p>\n<p style=\"text-align: left;\"><span style=\"color: #e2d9d2;\">Diese Erkl\u00e4rung gilt f\u00fcr alle gelinkten Seiten auf dieser Homepage.<\/span><\/p>\n<p style=\"text-align: left;\"><span style=\"color: #e2d9d2;\"><em><strong>Cookie-Richtlinie<\/strong><\/em><\/span><br \/><span style=\"color: #e2d9d2;\"><em><strong>Cookie-Richtlinien f\u00fcr Frits M\u00e1t\u00e9<\/strong><\/em><\/span><br \/><span style=\"color: #e2d9d2;\">Dies ist die Cookie-Richtlinie f\u00fcr Frits M\u00e1t\u00e9, aufrufbar unter https:\/\/www.fritsmate.de<\/span><\/p>\n<p style=\"text-align: left;\"><span style=\"color: #e2d9d2;\"><strong><em>Was sind Cookies?<\/em><\/strong><\/span><\/p>\n<p style=\"text-align: left;\"><span style=\"color: #e2d9d2;\">Wie es bei fast allen professionellen Websites \u00fcblich ist, verwendet diese Seite Cookies, die winzige Dateien sind, die auf Ihren Computer heruntergeladen werden, um Ihre Erfahrung zu verbessern. Diese Seite beschreibt, welche Informationen sie sammeln, wie wir sie verwenden und warum wir diese Cookies manchmal speichern m\u00fcssen. Wir werden auch mitteilen, wie Sie verhindern k\u00f6nnen, dass diese Cookies gespeichert werden, dies kann jedoch bestimmte Elemente der Website-Funktionalit\u00e4t herabstufen oder \u201ebrechen\u201c.<\/span><\/p>\n<p style=\"text-align: left;\"><span style=\"color: #e2d9d2;\">Weitere allgemeine Informationen zu Cookies finden Sie im Wikipedia-Artikel zu HTTP-Cookies.<\/span><\/p>\n<p style=\"text-align: left;\"><span style=\"color: #e2d9d2;\"><strong><em>Wie wir Cookies verwenden<\/em><\/strong><\/span><\/p>\n<p style=\"text-align: left;\"><span style=\"color: #e2d9d2;\">Wir verwenden Cookies aus einer Vielzahl von Gr\u00fcnden, die unten aufgef\u00fchrt sind. Leider gibt es in den meisten F\u00e4llen keine Industriestandard-Optionen zum Deaktivieren von Cookies, ohne die Funktionen und Funktionen, die sie dieser Website hinzuf\u00fcgen, vollst\u00e4ndig zu deaktivieren. Es wird empfohlen, dass Sie alle Cookies belassen, wenn Sie nicht sicher sind, ob Sie sie ben\u00f6tigen oder nicht, falls sie zur Bereitstellung eines von Ihnen verwendeten Dienstes verwendet werden.<\/span><\/p>\n<p style=\"text-align: left;\"><span style=\"color: #e2d9d2;\"><strong><em>Deaktivierung von Cookies<\/em><\/strong><\/span><\/p>\n<p style=\"text-align: left;\"><span style=\"color: #e2d9d2;\">Sie k\u00f6nnen das Setzen von Cookies verhindern, indem Sie die Einstellungen in Ihrem Browser anpassen (Informationen dazu finden Sie in der Hilfe Ihres Browsers). Beachten Sie, dass das Deaktivieren von Cookies die Funktionalit\u00e4t dieser und vieler anderer Websites, die Sie besuchen, beeintr\u00e4chtigt. Das Deaktivieren von Cookies f\u00fchrt in der Regel dazu, dass bestimmte Funktionen und Funktionen dieser Website ebenfalls deaktiviert werden. Daher wird empfohlen, Cookies nicht zu deaktivieren.<\/span><\/p>\n<p style=\"text-align: left;\"><span style=\"color: #e2d9d2;\"><em><strong>Die Cookies, die wir setzen<\/strong><\/em><\/span><\/p>\n<p style=\"text-align: left;\"><span style=\"color: #e2d9d2;\">Umfragen verwandte Cookies<\/span><br \/><span style=\"color: #e2d9d2;\">Von Zeit zu Zeit bieten wir Benutzerumfragen und Frageb\u00f6gen an, um Ihnen interessante Einblicke zu geben, hilfreiche Tools zu bieten oder unsere Nutzerbasis genauer zu verstehen. Diese Umfragen verwenden m\u00f6glicherweise Cookies, um sich daran zu erinnern, wer bereits an einer Umfrage teilgenommen hat, oder um Ihnen nach dem Seitenwechsel genaue Ergebnisse zu liefern.<\/span><\/p>\n<p style=\"text-align: left;\"><span style=\"color: #e2d9d2;\"><strong><em>Site Preferences Cookies<\/em><\/strong><\/span><\/p>\n<p style=\"text-align: left;\"><span style=\"color: #e2d9d2;\">Um Ihnen eine gro\u00dfartige Erfahrung auf dieser Site zu bieten, bieten wir die Funktionalit\u00e4t, um Ihre Pr\u00e4ferenzen f\u00fcr die Ausf\u00fchrung dieser Site festzulegen, wenn Sie sie verwenden. Um sich Ihre Pr\u00e4ferenzen merken zu k\u00f6nnen, m\u00fcssen wir Cookies setzen, damit diese Informationen immer dann aufgerufen werden k\u00f6nnen, wenn Sie mit einer Seite interagieren. Dieses Datei maximum 1 Jahr speicher,halten wir!<\/span><\/p>\n<p style=\"text-align: left;\"><span style=\"color: #e2d9d2;\"><strong><em>Cookies von Drittanbietern<\/em><\/strong><\/span><\/p>\n<p style=\"text-align: left;\"><span style=\"color: #e2d9d2;\">In einigen speziellen F\u00e4llen verwenden wir auch Cookies von vertrauensw\u00fcrdigen Dritten. Im folgenden Abschnitt wird beschrieben, welche Cookies von Drittanbietern auf dieser Website m\u00f6glicherweise auftreten.<\/span><\/p>\n<p style=\"text-align: left;\"><span style=\"color: #e2d9d2;\">Diese Website verwendet Google Analytics, eine der am weitesten verbreiteten und vertrauensw\u00fcrdigsten Analysel\u00f6sungen im Web, die uns dabei hilft, zu verstehen, wie Sie die Website nutzen und wie wir Ihre Erfahrung verbessern k\u00f6nnen. Diese Cookies k\u00f6nnen Dinge wie Ihre Aufenthaltsdauer auf der Website und die von Ihnen besuchten Seiten erfassen, damit wir weiterhin interessante Inhalte erstellen k\u00f6nnen.<\/span><br \/><span style=\"color: #e2d9d2;\">Weitere Informationen zu Google Analytics-Cookies finden Sie auf der offiziellen Google Analytics-Seite.<\/span><\/p>\n<p style=\"text-align: left;\"><span style=\"color: #e2d9d2;\">Von Zeit zu Zeit testen wir neue Funktionen und nehmen subtile \u00c4nderungen an der Art vor, wie die Site geliefert wird. Wenn wir noch neue Funktionen testen, k\u00f6nnen diese Cookies verwendet werden, um sicherzustellen, dass Sie eine konsistente Erfahrung auf der Website erhalten, w\u00e4hrend wir sicherstellen, dass wir wissen, welche Optimierungen unsere Benutzer am meisten sch\u00e4tzen.<\/span><br \/><span style=\"color: #e2d9d2;\">Wir verwenden auch Social-Media-Buttons und \/ oder Plugins auf dieser Seite, die es Ihnen erm\u00f6glichen, sich auf verschiedene Arten mit Ihrem sozialen Netzwerk zu verbinden. F\u00fcr diese arbeiten die folgenden Social-Media-Sites einschlie\u00dflich; {Auflisten der sozialen Netzwerke, deren Funktionen Sie in Ihre Website integriert haben: 12}, setzen Cookies \u00fcber unsere Website, die dazu verwendet werden k\u00f6nnen, Ihr Profil auf ihrer Website zu verbessern oder zu den Daten beizutragen, die sie zu verschiedenen Zwecken in ihren jeweiligen Datenschutzbestimmungen enthalten Richtlinien.<\/span><\/p>\n<p style=\"text-align: left;\"><span style=\"color: #e2d9d2;\">Hoffentlich hat dies die Dinge f\u00fcr Sie gekl\u00e4rt und wie bereits erw\u00e4hnt, wenn es etwas gibt, dass Sie nicht sicher sind, ob Sie brauchen oder nicht, ist es in der Regel sicherer, Cookies zu lassen, falls es mit einer der Funktionen auf unserer Seite interagiert. Diese Cookie-Richtlinie wurde mit Hilfe von CookiePolicyGenerator.com erstellt<\/span><\/p>\n<p style=\"text-align: left;\"><span style=\"color: #e2d9d2;\">Wenn Sie jedoch noch weitere Informationen ben\u00f6tigen, k\u00f6nnen Sie uns \u00fcber eine unserer bevorzugten Kontaktmethoden kontaktieren:<\/span><\/p>\n<p style=\"text-align: left;\"><span style=\"color: #e2d9d2;\"><strong><em>E-Mail: info(at)fritsmate.de<\/em><\/strong><\/span><\/p>\n<\/div>\n<\/div>\n<\/div>\n<\/div>\n<!-- \/wp:paragraph --><!-- wp:paragraph -->\n<p>\u00a0<\/p>\t\t\t\t\t\t<\/div>\n\t\t\t\t<\/div>\n\t\t\t\t\t<\/div>\n\t\t<\/div>\n\t\t\t\t\t<\/div>\n\t\t<\/section>\n\t\t\t\t<\/div>\n\t\t\n    <div class=\"xs_social_share_widget xs_share_url after_content \t\tmain_content  wslu-style-1 wslu-share-box-shaped wslu-fill-colored wslu-none wslu-share-horizontal wslu-theme-font-no wslu-main_content\">\n\n\t\t\n        <ul>\n\t\t\t        <\/ul>\n    <\/div>","protected":false},"excerpt":{"rendered":"<p>Wir freuen uns \u00fcber Ihr Interesse an unserer Website. Der Schutz Ihrer Privatsph\u00e4re ist f\u00fcr uns sehr wichtig. Im Folgenden informieren wir Sie ausf\u00fchrlich \u00fcber den Umgang mit Ihren Daten. 1. Verantwortlicher Verantwortlicher f\u00fcr die Datenverarbeitung auf dieser Website im Sinne der Datenschutz-Grundverordnung (DSGVO) ist: [Mate Frits] [93309 Kelheim, Ludwigstrasse<\/p>","protected":false},"author":3,"featured_media":0,"parent":0,"menu_order":0,"comment_status":"closed","ping_status":"closed","template":"","meta":{"_acf_changed":false,"inline_featured_image":false,"footnotes":""},"acf":[],"_links":{"self":[{"href":"http:\/\/fritsmate.de\/hu\/wp-json\/wp\/v2\/pages\/389"}],"collection":[{"href":"http:\/\/fritsmate.de\/hu\/wp-json\/wp\/v2\/pages"}],"about":[{"href":"http:\/\/fritsmate.de\/hu\/wp-json\/wp\/v2\/types\/page"}],"author":[{"embeddable":true,"href":"http:\/\/fritsmate.de\/hu\/wp-json\/wp\/v2\/users\/3"}],"replies":[{"embeddable":true,"href":"http:\/\/fritsmate.de\/hu\/wp-json\/wp\/v2\/comments?post=389"}],"version-history":[{"count":30,"href":"http:\/\/fritsmate.de\/hu\/wp-json\/wp\/v2\/pages\/389\/revisions"}],"predecessor-version":[{"id":5620,"href":"http:\/\/fritsmate.de\/hu\/wp-json\/wp\/v2\/pages\/389\/revisions\/5620"}],"wp:attachment":[{"href":"http:\/\/fritsmate.de\/hu\/wp-json\/wp\/v2\/media?parent=389"}],"curies":[{"name":"wp","href":"https:\/\/api.w.org\/{rel}","templated":true}]}}